{"id":837,"date":"2019-05-03T08:32:48","date_gmt":"2019-05-03T08:32:48","guid":{"rendered":"https:\/\/pronto-wp.com\/?page_id=29"},"modified":"2025-04-14T16:17:41","modified_gmt":"2025-04-14T16:17:41","slug":"menu","status":"publish","type":"page","link":"https:\/\/riva-trattoria.de\/?page_id=837","title":{"rendered":"Speisekarte"},"content":{"rendered":"\n<p><strong>ANTIPASTI &#8211; VORSPEISEN<\/strong><\/p>\n\n\n\n<p>Olive verdi (vegan)<br>Gr\u00fcne Oliven 5,00 \u20ac<\/p>\n\n\n\n<p>Bruschetta (Zwei St\u00fcck) (1)<br>Ger\u00f6stetes Brot mit gew\u00fcrfelten Tomaten und Oliven 6,00 \u20ac<\/p>\n\n\n\n<p>Verdura Cotta (vegan)<br>Ged\u00fcnstetes Gem\u00fcse 14,00 \u20ac<\/p>\n\n\n\n<p>Antipasto Misto (2, 1, 4)<br>Mit gegrilltem Gem\u00fcse, Oliven, B\u00fcffelmozzarella, Tomaten, K\u00e4se und italienischem Aufschnitt 16 \u20ac<br>INSALATE &#8211; SALATE<\/p>\n\n\n\n<p>Insalata Verde<br>Gr\u00fcner Salat mit Zwiebeln 6,00 \u20ac<\/p>\n\n\n\n<p>Insalata Mista<br>Gemischter Salat mit Zwiebeln 6,50 \u20ac<\/p>\n\n\n\n<p>Insalata Pomodoro<br>Tomaten-Salat mit Zwiebeln 9,00 \u20ac<\/p>\n\n\n\n<p>Insalata con Mozzarella (2)<br>Gemischter Salat mit B\u00fcffelmozzarella und Zwiebeln 13,00 \u20ac<\/p>\n\n\n\n<p>Insalata con Tonno (4)<br>Gemischter Salat mit Thunfisch und Zwiebeln 13,00 \u20ac<\/p>\n\n\n\n<p>Insalata Caprese (2)<br>Fleischtomaten mit Basilikum und B\u00fcffelmozzarella 13,00 \u20ac<br><\/p>\n\n\n\n<p><strong>PASTA &#8211; NUDELGERICHTE<\/strong><\/p>\n\n\n\n<p>Spaghetti Aglio e Olio (1, 10)<br>Spaghetti mit Knoblauch, Oliven\u00f6l und Peperoncini 11,00 \u20ac<\/p>\n\n\n\n<p>Spaghetti al Pomodoro (1)<br>Spaghetti in Tomatensauce (ohne Parmesan) 11,00 \u20ac<\/p>\n\n\n\n<p>Rigatoni al Forno (1, 2)<br>Rigatoni mit Hackfleischsauce und K\u00e4se \u00fcberbacken 14,00 \u20ac<\/p>\n\n\n\n<p>Lasagna Casereccia (1, 2, 3)<br>Mit Hackfleischsauce und K\u00e4se \u00fcberbacken 14,00 \u20ac<\/p>\n\n\n\n<p>Ravioli ripieni al Tartufo (1, 2, 3)<br>Ravioli gef\u00fcllt mit Ricotta und Tr\u00fcffel in Butter-Salbei-Sauce 14,50 \u20ac<\/p>\n\n\n\n<p>Tagliatelle Mare e Monti (1, 5, 2, 9)<br>Bandnudeln mit Steinpilzen und Shrimps in Cognac-Sahne-Sauce 15,00 \u20ac<br><\/p>\n\n\n\n<p><strong>PIZZA<\/strong><\/p>\n\n\n\n<p>Pizza Pane (1)<br>Pizzabrot mit Oregano, ohne Tomatensauce (vegan) 7,00 \u20ac<\/p>\n\n\n\n<p>Pizza Margherita (1, 2)<br>Mit Tomatensauce, Mozzarella und Basilikum (vegetarisch) 10,00 \u20ac<\/p>\n\n\n\n<p>Pizza Salami (1, 2)<br>Mit Tomatensauce, Mozzarella und Mail\u00e4nder Salami 11,00 \u20ac<\/p>\n\n\n\n<p>Pizza Prosciutto e Funghi (1, 2)<br>Mit Tomatensauce, Mozzarella, gekochtem Schinken &amp; frischen Champignons 12,00 \u20ac<\/p>\n\n\n\n<p>Pizza Sardelle e Capperi (1, 2, 4)<br>Mit Tomatensauce, Mozzarella, Sardellen und Kapern 12,00 \u20ac<\/p>\n\n\n\n<p>Pizza Tonno e Cipolla (1, 2, 4)<br>Mit Tomatensauce, Mozzarella, Thunfisch und Zwiebeln 13,00 \u20ac<\/p>\n\n\n\n<p>Pizza Diavolo (1, 2, 10)<br>Mit Tomatensauce, Mozzarella, scharfer Salami und Peperoni 13,00 \u20ac<\/p>\n\n\n\n<p>Pizza Felizitas (1, 2, 10)<br>Mit Tomatensauce, Mozzarella, scharfer Salami, Pecorino, Oregano und Knoblauch 13,50 \u20ac<\/p>\n\n\n\n<p>Pizza Quattro Stagioni (1, 2)<br>Mit Tomatensauce, Mozzarella, Artischocken, frischen Champignons, gekochtem Schinken und<br>Mail\u00e4nder Salami 14,00 \u20ac<\/p>\n\n\n\n<p>Pizza Vegetale (1, 2)<br>Mit Tomatensauce, Mozzarella und saisonalem Gem\u00fcse (vegetarisch) 15,00 \u20ac<\/p>\n\n\n\n<p>Pizza Straparma (1, 2)<br>Mit Tomatensauce, Mozzarella, Parmesan, Kirschtomaten und Rucola (vegetarisch) 15,00 \u20ac<\/p>\n\n\n\n<p>Pizza Rucola (1, 2)<br>Mit Tomatensauce, Mozzarella, Parmaschinken, Parmesan und Rucola 15,00 \u20ac<\/p>\n\n\n\n<p>Pizza 4 Formaggi (1, 2)<br>Bianca ohne Tomatensauce, Mozzarella und vier verschiedenen K\u00e4sesorten 15,00 \u20ac<\/p>\n\n\n\n<p>Pizza Gorgonzola e Spinaci (1, 2)<br>Mit Tomatensauce, Mozzarella, Spinat und Gorgonzola (vegetarisch) 15,00 \u20ac<\/p>\n\n\n\n<p>Pizza Mascarpone e Parma (1, 2)<br>Mit Tomatensauce, Mozzarella, Mascarpone und Parmaschinken 16,00 \u20ac<\/p>\n\n\n\n<p>Pizza Riva (1, 2, 5)<br>Mit Tomatensauce, Mozzarella, Steinpilzen und Shrimps 16,50 \u20ac<br><\/p>\n\n\n\n<p><strong>CARNE &#8211; FLEISCHGERICHTE<br>Rindfleisch<\/strong><\/p>\n\n\n\n<p>Bistecca di Manzo alla Griglia<br>Entrec\u00f4te vom Grill &#8211; Beilage: Gem\u00fcse 30,00 \u20ac<\/p>\n\n\n\n<p>Bistecca di Manzo Pepe e Cognac (9)<br>Entrec\u00f4te mit gr\u00fcnem Pfeffer-Cognac-Sauce &#8211; Beilage: Pasta 32,00 \u20ac<br><\/p>\n\n\n\n<p><strong>Kalbfleisch<\/strong><\/p>\n\n\n\n<p>Saltimbocca alla Romana (9)<br>Kalbsmedaillons mit Parmaschinken und Salbei in Wei\u00dfweinso\u00dfe \u2013 Beilage: Gem\u00fcse 26,00 \u20ac<\/p>\n\n\n\n<p>Scaloppina al Vino Bianco (9)<br>Kalbsmedaillons in Wei\u00dfweinsauce \u2013 Beilage: Gem\u00fcse 26,00 \u20ac<br><\/p>\n\n\n\n<p><strong>DOLCI &#8211; NACHSPEISEN<\/strong><\/p>\n\n\n\n<p>Tiramisu (2, 3, 9)<br>Mit Mascarpone, Amaretto, Sambuca und Espresso 8,00 \u20ac<\/p>\n\n\n\n<p>Panna Cotta (2) 7,00 \u20ac<\/p>\n\n\n\n<p>Tartufo Classico (2, 7) 7,50 \u20ac<\/p>\n\n\n\n<p>Tartufo Bianco (2, 7) 7,50 \u20ac<\/p>\n\n\n\n<p>Tartufo Nocciola (2, 7) 7,50 \u20ac<\/p>\n\n\n\n<p>Tartufo Limoncello (2, 9) 7,50 \u20ac<\/p>\n\n\n\n<p>Semifreddo Torroncino (2, 7) 7,50 \u20ac<\/p>\n\n\n\n<p>Souffl\u00e9 Black &amp; White (1, 2, 3) 7,50 \u20ac<\/p>\n\n\n\n<p>Souffl\u00e9 al Pistacchio (1, 2, 7, 3) 7,50 \u20ac<br><\/p>\n\n\n\n<p><strong>Legende f\u00fcr Zusatzstoffe und Allergene:<\/strong><\/p>\n\n\n\n<ol class=\"wp-block-list\">\n<li>Gluten (Weizen)<\/li>\n\n\n\n<li>Milch\/Laktose<\/li>\n\n\n\n<li>Ei<\/li>\n\n\n\n<li>Fisch<\/li>\n\n\n\n<li>Krebstiere<\/li>\n\n\n\n<li>Weichtiere<\/li>\n\n\n\n<li>N\u00fcsse<\/li>\n\n\n\n<li>Senf<\/li>\n\n\n\n<li>Sulfite<\/li>\n\n\n\n<li>Scharf<\/li>\n<\/ol>\n","protected":false},"excerpt":{"rendered":"<p>ANTIPASTI &#8211; VORSPEISEN Olive verdi (vegan)Gr\u00fcne Oliven 5,00 \u20ac Bruschetta (Zwei St\u00fcck) (1)Ger\u00f6stetes Brot mit gew\u00fcrfelten Tomaten und Oliven 6,00 \u20ac Verdura Cotta (vegan)Ged\u00fcnstetes Gem\u00fcse 14,00 \u20ac Antipasto Misto (2, 1, 4)Mit gegrilltem Gem\u00fcse, Oliven, B\u00fcffelmozzarella, Tomaten, K\u00e4se und italienischem Aufschnitt 16 \u20acINSALATE &#8211; SALATE Insalata VerdeGr\u00fcner Salat mit Zwiebeln 6,00 \u20ac Insalata MistaGemischter Salat [&hellip;]<\/p>\n","protected":false},"author":1,"featured_media":0,"parent":0,"menu_order":0,"comment_status":"closed","ping_status":"closed","template":"","meta":{"footnotes":""},"class_list":["post-837","page","type-page","status-publish","hentry","entry"],"_links":{"self":[{"href":"https:\/\/riva-trattoria.de\/index.php?rest_route=\/wp\/v2\/pages\/837","targetHints":{"allow":["GET"]}}],"collection":[{"href":"https:\/\/riva-trattoria.de\/index.php?rest_route=\/wp\/v2\/pages"}],"about":[{"href":"https:\/\/riva-trattoria.de\/index.php?rest_route=\/wp\/v2\/types\/page"}],"author":[{"embeddable":true,"href":"https:\/\/riva-trattoria.de\/index.php?rest_route=\/wp\/v2\/users\/1"}],"replies":[{"embeddable":true,"href":"https:\/\/riva-trattoria.de\/index.php?rest_route=%2Fwp%2Fv2%2Fcomments&post=837"}],"version-history":[{"count":17,"href":"https:\/\/riva-trattoria.de\/index.php?rest_route=\/wp\/v2\/pages\/837\/revisions"}],"predecessor-version":[{"id":2560,"href":"https:\/\/riva-trattoria.de\/index.php?rest_route=\/wp\/v2\/pages\/837\/revisions\/2560"}],"wp:attachment":[{"href":"https:\/\/riva-trattoria.de\/index.php?rest_route=%2Fwp%2Fv2%2Fmedia&parent=837"}],"curies":[{"name":"wp","href":"https:\/\/api.w.org\/{rel}","templated":true}]}}