{"id":2549,"date":"2025-03-26T16:30:54","date_gmt":"2025-03-26T16:30:54","guid":{"rendered":"https:\/\/riva-trattoria.de\/?page_id=2549"},"modified":"2025-03-26T16:32:52","modified_gmt":"2025-03-26T16:32:52","slug":"empfehlungskarte-la-carta-del-giorno","status":"publish","type":"page","link":"https:\/\/riva-trattoria.de\/?page_id=2549","title":{"rendered":"Empfehlungskarte"},"content":{"rendered":"\n<h4 class=\"wp-block-heading\"><strong><mark style=\"background-color:rgba(0, 0, 0, 0)\" class=\"has-inline-color has-vivid-red-color\"><strong><mark style=\"background-color:rgba(0, 0, 0, 0)\" class=\"has-inline-color has-vivid-red-color\">ANTIPASTI \u2013 Vorspeise<\/mark><\/strong>n<\/mark><\/strong><\/h4>\n\n\n\n<ul class=\"wp-block-list\">\n<li><strong>Gro\u00dfer Salatteller mit ger\u00e4uchertem Lachs, Gem\u00fcse und B\u00fcffelmozzarella \u2013 17,50 \u20ac<\/strong><strong><br><\/strong><strong><em>Allergene:<\/em><\/strong><strong> Fisch (Lachs), Milch (B\u00fcffelmozzarella) | <\/strong><strong><em>Zusatzstoffe:<\/em><\/strong><strong> Keine<\/strong><\/li>\n\n\n\n<li><strong>Vitello Tonnato \u2013 <\/strong><strong>D\u00fcnn geschnittenes Kalbfleisch mit Thunfischsauce<\/strong><strong> \u2013 13,50 \u20ac<\/strong><strong><br><\/strong><strong><em>Allergene:<\/em><\/strong><strong> Fisch (Thunfisch), Ei, Senf | <\/strong><strong><em>Zusatzstoffe:<\/em><\/strong><strong> Keine<\/strong><\/li>\n<\/ul>\n\n\n\n<h4 class=\"wp-block-heading\"><strong><mark style=\"background-color:rgba(0, 0, 0, 0)\" class=\"has-inline-color has-vivid-red-color\">PASTA \u2013 Nudeln<\/mark><\/strong><\/h4>\n\n\n\n<ul class=\"wp-block-list\">\n<li><strong>Spaghetti aus dem Parmesanlaib mit schwarzem Tr\u00fcffel \u2013 22,50 \u20ac<\/strong><strong><br><\/strong><strong><em>Allergene:<\/em><\/strong><strong> Gluten (Weizen), Milch (Parmesan) | <\/strong><strong><em>Zusatzstoffe:<\/em><\/strong><strong> Keine<\/strong><\/li>\n\n\n\n<li><strong>Spaghetti aus dem Parmesanlaib (ohne Tr\u00fcffel) \u2013 15,50 \u20ac<\/strong><strong><br><\/strong><strong><em>Allergene:<\/em><\/strong><strong> Gluten (Weizen), Milch (Parmesan) | <\/strong><strong><em>Zusatzstoffe:<\/em><\/strong><strong> Keine<\/strong><\/li>\n\n\n\n<li><strong>Linguine (<\/strong><strong>Bandnudeln<\/strong><strong>) mit frischen Meeresfr\u00fcchten \u201eChilinote\u201c \u2013 22,50 \u20ac<\/strong><strong><br><\/strong><strong><em>Allergene:<\/em><\/strong><strong> Gluten (Weizen), Fisch, Krebstiere, Weichtiere | <\/strong><strong><em>Zusatzstoffe:<\/em><\/strong><strong> Keine<\/strong><\/li>\n\n\n\n<li><strong>Risotto mit gr\u00fcnem Spargel und italienischer Wurst \u2013 16,50 \u20ac<\/strong><strong><br><\/strong><strong><em>Allergene:<\/em><\/strong><strong> Keine | <\/strong><strong><em>Zusatzstoffe:<\/em><\/strong><strong> Sulfite (Wurst)<\/strong><\/li>\n<\/ul>\n\n\n\n<h4 class=\"wp-block-heading\"><strong><mark style=\"background-color:rgba(0, 0, 0, 0)\" class=\"has-inline-color has-vivid-red-color\">PIZZA DEL GIORNO \u2013 Tagespizza<\/mark><\/strong><\/h4>\n\n\n\n<ul class=\"wp-block-list\">\n<li><strong>Tagespizza mit Burrata, Bresaola und Pistazien \u2013 15,00 \u20ac<\/strong><strong><br><\/strong><strong><em>Allergene:<\/em><\/strong><strong> Gluten (Weizen), Milch (Burrata), Schalenfr\u00fcchte (Pistazien) | <\/strong><strong><em>Zusatzstoffe:<\/em><\/strong><strong> Keine<\/strong><\/li>\n<\/ul>\n\n\n\n<h4 class=\"wp-block-heading\"><strong><mark style=\"background-color:rgba(0, 0, 0, 0)\" class=\"has-inline-color has-vivid-red-color\">PESCE \u2013 Fisch<\/mark><\/strong><\/h4>\n\n\n\n<ul class=\"wp-block-list\">\n<li><strong>Branzino \u2013 Wolfsbarsch Filet vom Grill mit Gem\u00fcse \u2013 29,50 \u20ac<\/strong><strong><br><\/strong><strong><em>Allergene:<\/em><\/strong><strong> Fisch (Wolfsbarsch) | <\/strong><strong><em>Zusatzstoffe:<\/em><\/strong><strong> Keine<\/strong><\/li>\n<\/ul>\n\n\n\n<h4 class=\"wp-block-heading\"><strong><mark style=\"background-color:rgba(0, 0, 0, 0)\" class=\"has-inline-color has-vivid-red-color\">CARNE \u2013 Fleisch<\/mark><\/strong><\/h4>\n\n\n\n<ul class=\"wp-block-list\">\n<li><strong>Gegrillte Lammkoteletts, mit Spinat \u2013 34,00 \u20ac<\/strong><strong><br><\/strong><strong><em>Allergene:<\/em><\/strong><strong> Keine | <\/strong><strong><em>Zusatzstoffe:<\/em><\/strong><strong> Keine<\/strong><\/li>\n\n\n\n<li><strong>Tagliata di Manzo, In Scheiben geschnittenes Entrec\u00f4te auf Rucola und Parmesan-Bl\u00e4ttchen \u2013 30,00 \u20ac<\/strong><strong><br><\/strong><strong><em>Allergene:<\/em><\/strong><strong> Milch (Parmesan) | <\/strong><strong><em>Zusatzstoffe:<\/em><\/strong><strong> Keine<\/strong><\/li>\n\n\n\n<li><strong><strong>Costoletta di Vitello \u2013 Kalbskotelett vom Grill mit Kartoffelbeilage \u2013 30,00 \u20ac<\/strong><br><em>Allergene:<\/em> Milch (Parmesan) | <em>Zusatzstoffe:<\/em> Keine<\/strong><\/li>\n<\/ul>\n","protected":false},"excerpt":{"rendered":"<p>ANTIPASTI \u2013 Vorspeisen PASTA \u2013 Nudeln PIZZA DEL GIORNO \u2013 Tagespizza PESCE \u2013 Fisch CARNE \u2013 Fleisch<\/p>\n","protected":false},"author":1,"featured_media":0,"parent":0,"menu_order":0,"comment_status":"closed","ping_status":"closed","template":"","meta":{"footnotes":""},"class_list":["post-2549","page","type-page","status-publish","hentry","entry"],"_links":{"self":[{"href":"https:\/\/riva-trattoria.de\/index.php?rest_route=\/wp\/v2\/pages\/2549","targetHints":{"allow":["GET"]}}],"collection":[{"href":"https:\/\/riva-trattoria.de\/index.php?rest_route=\/wp\/v2\/pages"}],"about":[{"href":"https:\/\/riva-trattoria.de\/index.php?rest_route=\/wp\/v2\/types\/page"}],"author":[{"embeddable":true,"href":"https:\/\/riva-trattoria.de\/index.php?rest_route=\/wp\/v2\/users\/1"}],"replies":[{"embeddable":true,"href":"https:\/\/riva-trattoria.de\/index.php?rest_route=%2Fwp%2Fv2%2Fcomments&post=2549"}],"version-history":[{"count":4,"href":"https:\/\/riva-trattoria.de\/index.php?rest_route=\/wp\/v2\/pages\/2549\/revisions"}],"predecessor-version":[{"id":2556,"href":"https:\/\/riva-trattoria.de\/index.php?rest_route=\/wp\/v2\/pages\/2549\/revisions\/2556"}],"wp:attachment":[{"href":"https:\/\/riva-trattoria.de\/index.php?rest_route=%2Fwp%2Fv2%2Fmedia&parent=2549"}],"curies":[{"name":"wp","href":"https:\/\/api.w.org\/{rel}","templated":true}]}}